{"id":5590,"date":"2023-07-17T13:30:35","date_gmt":"2023-07-17T13:30:35","guid":{"rendered":"https:\/\/www.virbyjp.com\/informacao-juridica\/"},"modified":"2024-04-29T11:38:27","modified_gmt":"2024-04-29T11:38:27","slug":"informacao-juridica","status":"publish","type":"page","link":"https:\/\/www.virbyjp.com\/pt-pt\/informacao-juridica\/","title":{"rendered":"Informa\u00e7\u00e3o jur\u00eddica"},"content":{"rendered":"\t\t<div data-elementor-type=\"wp-page\" data-elementor-id=\"5590\" class=\"elementor elementor-5590 elementor-3371\" data-elementor-post-type=\"page\">\n\t\t\t\t\t\t<section class=\"elementor-section elementor-top-section elementor-element elementor-element-069738b elementor-section-boxed elementor-section-height-default elementor-section-height-default\" data-id=\"069738b\" data-element_type=\"section\">\n\t\t\t\t\t\t<div class=\"elementor-container elementor-column-gap-default\">\n\t\t\t\t\t<div class=\"elementor-column elementor-col-100 elementor-top-column elementor-element elementor-element-ea34816\" data-id=\"ea34816\" data-element_type=\"column\">\n\t\t\t<div class=\"elementor-widget-wrap elementor-element-populated\">\n\t\t\t\t\t\t<div class=\"elementor-element elementor-element-ad61a50 elementor-widget elementor-widget-image\" data-id=\"ad61a50\" data-element_type=\"widget\" data-widget_type=\"image.default\">\n\t\t\t\t\t\t\t\t\t\t\t\t\t\t\t<img decoding=\"async\" width=\"269\" height=\"121\" src=\"https:\/\/www.virbyjp.com\/wp-content\/uploads\/2023\/04\/Aviso-legal-1.png\" class=\"attachment-large size-large wp-image-4529\" alt=\"\" \/>\t\t\t\t\t\t\t\t\t\t\t\t\t\t\t<\/div>\n\t\t\t\t<div class=\"elementor-element elementor-element-fe38b06 elementor-widget elementor-widget-text-editor\" data-id=\"fe38b06\" data-element_type=\"widget\" data-widget_type=\"text-editor.default\">\n\t\t\t\t\t\t\t\t\t<p>www.vir.fr \u00e9 publicado por :<br \/>\nVIR<\/p>\n<p>Capital da SAS: 2.234.112 euros<br \/>\nSede social :<br \/>\n4 all\u00e9e Victor Baltard<br \/>\n94130 Nogent-sur-Marne<br \/>\nFran\u00e7a<br \/>\nCorreio eletr\u00f3nico: virbyjpcontact@perrenot.eu<br \/>\nEndere\u00e7o : 333784676<\/p>\n<p>Propriedade intelectual :<br \/>\nTodo este s\u00edtio \u00e9 regido pela legisla\u00e7\u00e3o francesa e internacional em mat\u00e9ria de direitos de autor e de propriedade intelectual. Todos os direitos de reprodu\u00e7\u00e3o est\u00e3o reservados para os textos e fotografias deste s\u00edtio. A reprodu\u00e7\u00e3o total ou parcial deste s\u00edtio em qualquer suporte eletr\u00f3nico ou outro \u00e9 estritamente proibida sem autoriza\u00e7\u00e3o escrita do autor, em conformidade com o artigo L 122-4 do C\u00f3digo da Propriedade Intelectual.<\/p>\n<p>Liga\u00e7\u00f5es de hipertexto:<br \/>\nAs liga\u00e7\u00f5es de hipertexto estabelecidas no \u00e2mbito deste s\u00edtio para outros recursos na Internet, nomeadamente para os seus parceiros, foram objeto de uma autoriza\u00e7\u00e3o pr\u00e9via, expressa e escrita do editor.<\/p>\n<p>Direito de resposta:<br \/>\nQualquer pessoa citada no s\u00edtio pode exercer um direito de resposta. Um simples pedido ser\u00e1 enviado por correio.<\/p>\n<p>Pol\u00edtica de confidencialidade :<br \/>\nOs dados recolhidos no s\u00edtio www.vir.fr n\u00e3o ser\u00e3o, em caso algum, transmitidos ou vendidos a terceiros. Nenhum endere\u00e7o eletr\u00f3nico ser\u00e1 transmitido a terceiros, incluindo os nossos parceiros, sem o consentimento escrito das partes interessadas.<\/p>\n\t\t\t\t\t\t\t\t<\/div>\n\t\t\t\t\t<\/div>\n\t\t<\/div>\n\t\t\t\t\t<\/div>\n\t\t<\/section>\n\t\t\t\t<\/div>\n\t\t","protected":false},"excerpt":{"rendered":"<p>www.vir.fr \u00e9 publicado por : VIR Capital da SAS: 2.234.112 euros Sede social : 4 all\u00e9e Victor Baltard 94130 Nogent-sur-Marne Fran\u00e7a Correio eletr\u00f3nico: virbyjpcontact@perrenot.eu Endere\u00e7o : 333784676 Propriedade intelectual : Todo este s\u00edtio \u00e9 regido pela legisla\u00e7\u00e3o francesa e internacional em mat\u00e9ria de direitos de autor e de propriedade intelectual. Todos os direitos de reprodu\u00e7\u00e3o [&hellip;]<\/p>\n","protected":false},"author":4,"featured_media":0,"parent":0,"menu_order":0,"comment_status":"closed","ping_status":"closed","template":"","meta":{"footnotes":""},"class_list":["post-5590","page","type-page","status-publish","hentry"],"_links":{"self":[{"href":"https:\/\/www.virbyjp.com\/pt-pt\/wp-json\/wp\/v2\/pages\/5590","targetHints":{"allow":["GET"]}}],"collection":[{"href":"https:\/\/www.virbyjp.com\/pt-pt\/wp-json\/wp\/v2\/pages"}],"about":[{"href":"https:\/\/www.virbyjp.com\/pt-pt\/wp-json\/wp\/v2\/types\/page"}],"author":[{"embeddable":true,"href":"https:\/\/www.virbyjp.com\/pt-pt\/wp-json\/wp\/v2\/users\/4"}],"replies":[{"embeddable":true,"href":"https:\/\/www.virbyjp.com\/pt-pt\/wp-json\/wp\/v2\/comments?post=5590"}],"version-history":[{"count":3,"href":"https:\/\/www.virbyjp.com\/pt-pt\/wp-json\/wp\/v2\/pages\/5590\/revisions"}],"predecessor-version":[{"id":5595,"href":"https:\/\/www.virbyjp.com\/pt-pt\/wp-json\/wp\/v2\/pages\/5590\/revisions\/5595"}],"wp:attachment":[{"href":"https:\/\/www.virbyjp.com\/pt-pt\/wp-json\/wp\/v2\/media?parent=5590"}],"curies":[{"name":"wp","href":"https:\/\/api.w.org\/{rel}","templated":true}]}}