{"id":5099,"date":"2023-07-17T13:30:35","date_gmt":"2023-07-17T13:30:35","guid":{"rendered":"https:\/\/www.virbyjp.com\/aviso-legal\/"},"modified":"2023-12-21T11:48:09","modified_gmt":"2023-12-21T11:48:09","slug":"aviso-legal","status":"publish","type":"page","link":"https:\/\/www.virbyjp.com\/es\/aviso-legal\/","title":{"rendered":"Aviso Legal"},"content":{"rendered":"\t\t<div data-elementor-type=\"wp-page\" data-elementor-id=\"5099\" class=\"elementor elementor-5099 elementor-3371\" data-elementor-post-type=\"page\">\n\t\t\t\t\t\t<section class=\"elementor-section elementor-top-section elementor-element elementor-element-069738b elementor-section-boxed elementor-section-height-default elementor-section-height-default\" data-id=\"069738b\" data-element_type=\"section\">\n\t\t\t\t\t\t<div class=\"elementor-container elementor-column-gap-default\">\n\t\t\t\t\t<div class=\"elementor-column elementor-col-100 elementor-top-column elementor-element elementor-element-ea34816\" data-id=\"ea34816\" data-element_type=\"column\">\n\t\t\t<div class=\"elementor-widget-wrap elementor-element-populated\">\n\t\t\t\t\t\t<div class=\"elementor-element elementor-element-ad61a50 elementor-widget elementor-widget-image\" data-id=\"ad61a50\" data-element_type=\"widget\" data-widget_type=\"image.default\">\n\t\t\t\t\t\t\t\t\t\t\t\t\t\t\t<img decoding=\"async\" width=\"269\" height=\"121\" src=\"https:\/\/www.virbyjp.com\/wp-content\/uploads\/2023\/04\/Aviso-legal-1.png\" class=\"attachment-large size-large wp-image-2822\" alt=\"\" \/>\t\t\t\t\t\t\t\t\t\t\t\t\t\t\t<\/div>\n\t\t\t\t<div class=\"elementor-element elementor-element-fe38b06 elementor-widget elementor-widget-text-editor\" data-id=\"fe38b06\" data-element_type=\"widget\" data-widget_type=\"text-editor.default\">\n\t\t\t\t\t\t\t\t\t<p>www.virbyjp.com es editado por:<br \/>\nVIR<\/p>\n<p>SAS Capital: 2.234.112 \u20ac<br \/>\nDomicilio social:<br \/>\n4 all\u00e9e Victor Baltard<br \/>\n94130 Nogent-sur-Marne<br \/>\nFrancia<br \/>\nCorreo electr\u00f3nico: virbyjpcontact@perrenot.eu<br \/>\nSiret: 333784676<\/p>\n<p>Propiedad intelectual:<br \/>\nTodo el contenido de este sitio est\u00e1 sujeto a las leyes francesas e internacionales sobre derechos de autor y propiedad intelectual. Todos los derechos de reproducci\u00f3n est\u00e1n reservados para los textos y fotograf\u00edas de este sitio. La reproducci\u00f3n total o parcial de este sitio en cualquier medio electr\u00f3nico u otro medio est\u00e1 estrictamente prohibida sin el permiso por escrito del autor, de acuerdo con el art\u00edculo L 122-4 del C\u00f3digo de Propiedad Intelectual.<br \/>\nEnlaces de hipertexto:<br \/>\nLos enlaces de hipertexto establecidos en este sitio web hacia otros recursos en Internet, incluidos sus socios, han sido objeto de una autorizaci\u00f3n previa, expresa y escrita por parte del<br \/>\neditor.<\/p>\n<p>Derecho de respuesta:<br \/>\nCualquier persona mencionada en el sitio puede ejercer el derecho de respuesta. Se enviar\u00e1 una solicitud simple por correo.<br \/>\nPol\u00edtica de privacidad:<br \/>\nEn ning\u00fan caso se ceder\u00e1n o vender\u00e1n los datos recopilados en el sitio www.virbyjp.com a terceros. Ninguna direcci\u00f3n de correo electr\u00f3nico se transmitir\u00e1 a terceros, incluidos nuestros socios, sin el consentimiento por escrito de las personas involucradas.<\/p>\n\t\t\t\t\t\t\t\t<\/div>\n\t\t\t\t\t<\/div>\n\t\t<\/div>\n\t\t\t\t\t<\/div>\n\t\t<\/section>\n\t\t\t\t<\/div>\n\t\t","protected":false},"excerpt":{"rendered":"<p>www.virbyjp.com es editado por: VIR SAS Capital: 2.234.112 \u20ac Domicilio social: 4 all\u00e9e Victor Baltard 94130 Nogent-sur-Marne Francia Correo electr\u00f3nico: virbyjpcontact@perrenot.eu Siret: 333784676 Propiedad intelectual: Todo el contenido de este sitio est\u00e1 sujeto a las leyes francesas e internacionales sobre derechos de autor y propiedad intelectual. Todos los derechos de reproducci\u00f3n est\u00e1n reservados para los [&hellip;]<\/p>\n","protected":false},"author":4,"featured_media":0,"parent":0,"menu_order":0,"comment_status":"closed","ping_status":"closed","template":"","meta":{"footnotes":""},"class_list":["post-5099","page","type-page","status-publish","hentry"],"_links":{"self":[{"href":"https:\/\/www.virbyjp.com\/es\/wp-json\/wp\/v2\/pages\/5099","targetHints":{"allow":["GET"]}}],"collection":[{"href":"https:\/\/www.virbyjp.com\/es\/wp-json\/wp\/v2\/pages"}],"about":[{"href":"https:\/\/www.virbyjp.com\/es\/wp-json\/wp\/v2\/types\/page"}],"author":[{"embeddable":true,"href":"https:\/\/www.virbyjp.com\/es\/wp-json\/wp\/v2\/users\/4"}],"replies":[{"embeddable":true,"href":"https:\/\/www.virbyjp.com\/es\/wp-json\/wp\/v2\/comments?post=5099"}],"version-history":[{"count":3,"href":"https:\/\/www.virbyjp.com\/es\/wp-json\/wp\/v2\/pages\/5099\/revisions"}],"predecessor-version":[{"id":5102,"href":"https:\/\/www.virbyjp.com\/es\/wp-json\/wp\/v2\/pages\/5099\/revisions\/5102"}],"wp:attachment":[{"href":"https:\/\/www.virbyjp.com\/es\/wp-json\/wp\/v2\/media?parent=5099"}],"curies":[{"name":"wp","href":"https:\/\/api.w.org\/{rel}","templated":true}]}}